{"id":1403,"date":"2023-01-30T22:43:20","date_gmt":"2023-01-30T22:43:20","guid":{"rendered":"http:\/\/jumamex.com\/notice-of-privacy\/"},"modified":"2023-02-03T20:40:54","modified_gmt":"2023-02-03T20:40:54","slug":"notice-of-privacy","status":"publish","type":"page","link":"http:\/\/jumamex.com\/en\/notice-of-privacy\/","title":{"rendered":"Notice of Privacy"},"content":{"rendered":"<p><div class=\"fusion-bg-parallax\" data-bg-align=\"center center\" data-direction=\"right\" data-mute=\"false\" data-opacity=\"100\" data-velocity=\"-0.3\" data-mobile-enabled=\"false\" data-break_parents=\"0\" data-bg-image=\"http:\/\/jumamex.com\/wp-content\/uploads\/2023\/01\/bg-banner-interiores-jumamex-min-1.png\" data-bg-repeat=\"false\" ><\/div><div class=\"fusion-fullwidth fullwidth-box fusion-builder-row-1 fusion-flex-container has-pattern-background has-mask-background fusion-parallax-right nonhundred-percent-fullwidth non-hundred-percent-height-scrolling\" style=\"background-color: rgba(255,255,255,0);background-image: url(&quot;http:\/\/jumamex.com\/wp-content\/uploads\/2023\/01\/bg-banner-interiores-jumamex-min-1.png&quot;);background-position: center center;background-repeat: no-repeat;border-width: 0px 0px 0px 0px;border-color:var(--awb-color3);border-style:solid;-webkit-background-size:cover;-moz-background-size:cover;-o-background-size:cover;background-size:cover;\" ><div class=\"fusion-builder-row fusion-row fusion-flex-align-items-center\" style=\"max-width:1248px;margin-left: calc(-4% \/ 2 );margin-right: calc(-4% \/ 2 );\"><div class=\"fusion-layout-column fusion_builder_column fusion-builder-column-0 fusion_builder_column_1_1 1_1 fusion-flex-column fusion-no-small-visibility fusion-no-medium-visibility\"><div class=\"fusion-column-wrapper fusion-flex-justify-content-flex-start fusion-content-layout-column\" style=\"background-position:left top;background-repeat:no-repeat;-webkit-background-size:cover;-moz-background-size:cover;-o-background-size:cover;background-size:cover;padding: 0px 0px 0px 0px;\"><div class=\"fusion-text fusion-text-1\" style=\"color:#cb9700;font-family:&quot;gotham book&quot;;font-weight:400;\"><p><em>Our<\/em><\/p>\n<\/div><div class=\"fusion-text fusion-text-2 fusion-text-no-margin\" style=\"color:#ffffff;font-family:&quot;Cinzel&quot;;font-weight:800;margin-top:0px;margin-bottom:0px;\"><h1>Notice of Privacy<\/h1>\n<\/div><div ><span class=\" fusion-imageframe imageframe-none imageframe-1 hover-type-none\"><img decoding=\"async\" width=\"300\" height=\"31\" title=\"img-linea2-min\" src=\"http:\/\/jumamex.retornodigital.mx\/wp-content\/uploads\/2023\/01\/img-linea2-min-300x31.png\" alt class=\"img-responsive wp-image-959\" srcset=\"http:\/\/jumamex.com\/wp-content\/uploads\/2023\/01\/img-linea2-min-200x21.png 200w, http:\/\/jumamex.com\/wp-content\/uploads\/2023\/01\/img-linea2-min-400x42.png 400w, http:\/\/jumamex.com\/wp-content\/uploads\/2023\/01\/img-linea2-min.png 439w\" sizes=\"(max-width: 640px) 100vw, 300px\" \/><\/span><\/div><\/div><style type=\"text\/css\">.fusion-body .fusion-builder-column-0{width:100% !important;margin-top : 0px;margin-bottom : 20px;}.fusion-builder-column-0 > .fusion-column-wrapper {padding-top : 0px !important;padding-right : 0px !important;margin-right : 1.92%;padding-bottom : 0px !important;padding-left : 0px !important;margin-left : 1.92%;}@media only screen and (max-width:1024px) {.fusion-body .fusion-builder-column-0{width:100% !important;order : 0;}.fusion-builder-column-0 > .fusion-column-wrapper {margin-right : 1.92%;margin-left : 1.92%;}}@media only screen and (max-width:640px) {.fusion-body .fusion-builder-column-0{width:100% !important;order : 0;}.fusion-builder-column-0 > .fusion-column-wrapper {margin-right : 1.92%;margin-left : 1.92%;}}<\/style><\/div><div class=\"fusion-layout-column fusion_builder_column fusion-builder-column-1 fusion_builder_column_1_1 1_1 fusion-flex-column fusion-no-large-visibility\"><div class=\"fusion-column-wrapper fusion-flex-justify-content-flex-start fusion-content-layout-column\" style=\"background-position:left top;background-repeat:no-repeat;-webkit-background-size:cover;-moz-background-size:cover;-o-background-size:cover;background-size:cover;padding: 0px 0px 0px 0px;\"><div class=\"fusion-text fusion-text-3\" style=\"color:#cb9700;font-family:&quot;gotham book&quot;;font-weight:400;\"><p><em>Our<\/em><\/p>\n<\/div><div class=\"fusion-text fusion-text-4 fusion-text-no-margin\" style=\"color:#ffffff;font-family:&quot;Cinzel&quot;;font-weight:800;margin-top:0px;margin-bottom:0px;\"><h3>Notice of Privacy<\/h3>\n<\/div><div ><span class=\" fusion-imageframe imageframe-none imageframe-2 hover-type-none\"><img decoding=\"async\" width=\"300\" height=\"31\" title=\"img-linea2-min\" src=\"http:\/\/jumamex.retornodigital.mx\/wp-content\/uploads\/2023\/01\/img-linea2-min-300x31.png\" alt class=\"img-responsive wp-image-959\" srcset=\"http:\/\/jumamex.com\/wp-content\/uploads\/2023\/01\/img-linea2-min-200x21.png 200w, http:\/\/jumamex.com\/wp-content\/uploads\/2023\/01\/img-linea2-min-400x42.png 400w, http:\/\/jumamex.com\/wp-content\/uploads\/2023\/01\/img-linea2-min.png 439w\" sizes=\"(max-width: 640px) 100vw, 300px\" \/><\/span><\/div><\/div><style type=\"text\/css\">.fusion-body .fusion-builder-column-1{width:100% !important;margin-top : 0px;margin-bottom : 20px;}.fusion-builder-column-1 > .fusion-column-wrapper {padding-top : 0px !important;padding-right : 0px !important;margin-right : 1.92%;padding-bottom : 0px !important;padding-left : 0px !important;margin-left : 1.92%;}@media only screen and (max-width:1024px) {.fusion-body .fusion-builder-column-1{width:100% !important;order : 0;}.fusion-builder-column-1 > .fusion-column-wrapper {margin-right : 1.92%;margin-left : 1.92%;}}@media only screen and (max-width:640px) {.fusion-body .fusion-builder-column-1{width:100% !important;order : 0;}.fusion-builder-column-1 > .fusion-column-wrapper {margin-right : 1.92%;margin-left : 1.92%;}}<\/style><\/div><\/div><style type=\"text\/css\">.fusion-body .fusion-flex-container.fusion-builder-row-1{ padding-top : 80px;margin-top : 0px;padding-right : 0px;padding-bottom : 80px;margin-bottom : 0px;padding-left : 0px;}<\/style><\/div><div class=\"fusion-fullwidth fullwidth-box fusion-builder-row-2 fusion-flex-container has-pattern-background has-mask-background nonhundred-percent-fullwidth non-hundred-percent-height-scrolling\" style=\"background-color: var(--awb-color3);background-position: center center;background-repeat: no-repeat;border-width: 0px 0px 0px 0px;border-color:var(--awb-color3);border-style:solid;\" ><div class=\"fusion-builder-row fusion-row fusion-flex-align-items-flex-start\" style=\"max-width:1248px;margin-left: calc(-4% \/ 2 );margin-right: calc(-4% \/ 2 );\"><div class=\"fusion-layout-column fusion_builder_column fusion-builder-column-2 fusion_builder_column_1_1 1_1 fusion-flex-column\"><div class=\"fusion-column-wrapper fusion-flex-justify-content-flex-start fusion-content-layout-column\" style=\"background-position:left top;background-repeat:no-repeat;-webkit-background-size:cover;-moz-background-size:cover;-o-background-size:cover;background-size:cover;padding: 0px 0px 0px 0px;\"><div class=\"fusion-text fusion-text-5\"><p class=\"p1\"><span class=\"s1\">Based on articles 15 and 16 of the Federal Law on Protection of Personal Data in Possession of Individuals we inform you that JUMAMEX, SA DE CV, with address at AV. ROYAL COUNTRY 4650 FLOOR 18 INT. 02, COL. ROYAL COUNTRY, C.P. 45116, ZAPOPAN, JALISCO. is responsible for collecting your personal data, the use that is given to them and their protection.<\/span><\/p>\n<p class=\"p1\"><span class=\"s1\">Your personal information will be used for the following purposes: to provide the services and products you have requested; notify you about new services or products that are related to those already contracted or acquired; communicate about changes in them; develop studies and programs that are necessary to determine consumption habits;perform periodic evaluations of our products and services in order to improve the quality of them; evaluate the quality of the service we provide, and in general, to comply with the obligations we have contracted with you.<\/span><\/p>\n<p class=\"p1\"><span class=\"s1\">For the purposes mentioned above, we require the following personal information:<\/span><\/p>\n<p class=\"p1\"><span class=\"s1\">Full Name Email<\/span><\/p>\n<p class=\"p1\"><span class=\"s1\">Address Date of birth<\/span><\/p>\n<p class=\"p1\"><span class=\"s1\">Telephone Official identification: (INE, Passport, Military Record)<\/span><\/p>\n<p class=\"p1\"><span class=\"s1\">It is important to inform you that you have the right to access, rectification and cancellation of your personal data, to oppose the treatment of them or revoke the consent that for that purpose has been granted.<\/span><\/p>\n<p class=\"p1\"><span class=\"s1\">To enforce your rights you need to send the request to pldd@jumamex.com email or if you wish, you can do so through a written request by sending it to the following address Boulevard Luis Donaldo Colosio Murrieta # 702 B, Col Trojes de Alonso CP. 20116, Aguascalientes Ags. and \/ or Avenida Castilla # 31, Fraccionamiento Castilla, CP 63196, Tepic Nay. This document must be addressed to the person in charge of the management and protection of personal data of the clients.<\/span><\/p>\n<p class=\"p2\"><span class=\"s2\">In order to process your request and in terms of article 29 of the Federal Law on Protection of Personal Data in Possession of Individuals it is necessary that the request you send contains the following information: Name of the owner of the personal data and address or medium in which you want to be informed of the answer. Indicate the purpose of the request. Clear and precise description of the personal data with respect to which a right is sought.<\/span><span class=\"s1\"><br \/><\/span><span class=\"s2\">Within a period no longer than 20 days from the date we receive the request, we will notify you at the address you provide, which was the result of your request<\/span><\/p>\n<p class=\"p1\"><span class=\"s1\">We can transfer your data to national third parties, as well as dependencies, entities or governmental instances for purposes of Law or by requirement of Authority; to our corporate; to our subsidiaries, subsidiaries and related departments for marketing, advertising or commercial prospection purposes.<\/span><\/p>\n<p class=\"p1\"><span class=\"s1\">The person designated as responsible for the management and protection of personal data of clients, who will process the requests of individuals is Lic. Sandra Libier Le\u00f3n Becerra.<\/span><\/p>\n<p class=\"p1\"><span class=\"s1\">It is your responsibility to verify and constantly consult these privacy policies in order to know possible changes or modifications.<\/span><\/p>\n<p class=\"p1\"><span class=\"s1\">The fact that you do not oppose or exercise your right to access, rectification, cancellation and opposition will be understood and imply that you have accepted and consented to such changes and \/ or modifications.<\/span><\/p>\n<p class=\"p1\"><span class=\"s1\">Important: Changes or updates to this Privacy Notice are available and can be consulted periodically on our website www.jumamex.com<\/span><\/p>\n<p class=\"p1\"><span class=\"s1\">This notice is based on the provisions of the Federal Law on the Protection of Personal Data Held by Private Parties and other applicable legislation. Date of last update: 10\/01\/2015 | Personal data protection.<\/span><\/p>\n<\/div><\/div><style type=\"text\/css\">.fusion-body .fusion-builder-column-2{width:100% !important;margin-top : 0px;margin-bottom : 20px;}.fusion-builder-column-2 > .fusion-column-wrapper {padding-top : 0px !important;padding-right : 0px !important;margin-right : 1.92%;padding-bottom : 0px !important;padding-left : 0px !important;margin-left : 1.92%;}@media only screen and (max-width:1024px) {.fusion-body .fusion-builder-column-2{width:100% !important;order : 0;}.fusion-builder-column-2 > .fusion-column-wrapper {margin-right : 1.92%;margin-left : 1.92%;}}@media only screen and (max-width:640px) {.fusion-body .fusion-builder-column-2{width:100% !important;order : 0;}.fusion-builder-column-2 > .fusion-column-wrapper {margin-right : 1.92%;margin-left : 1.92%;}}<\/style><\/div><\/div><style type=\"text\/css\">.fusion-body .fusion-flex-container.fusion-builder-row-2{ padding-top : 60px;margin-top : 0px;padding-right : 0px;padding-bottom : 50px;margin-bottom : 0px;padding-left : 0px;}<\/style><\/div><\/p>\n","protected":false},"excerpt":{"rendered":"","protected":false},"author":1,"featured_media":0,"parent":0,"menu_order":0,"comment_status":"closed","ping_status":"closed","template":"100-width.php","meta":{"footnotes":""},"class_list":["post-1403","page","type-page","status-publish","hentry"],"yoast_head":"<!-- This site is optimized with the Yoast SEO plugin v20.0 - https:\/\/yoast.com\/wordpress\/plugins\/seo\/ -->\n<title>Jumamex - Notice of Privacy<\/title>\n<meta name=\"robots\" content=\"index, follow, max-snippet:-1, max-image-preview:large, max-video-preview:-1\" \/>\n<link rel=\"canonical\" href=\"http:\/\/jumamex.com\/en\/notice-of-privacy\/\" \/>\n<meta property=\"og:locale\" content=\"en_US\" \/>\n<meta property=\"og:type\" content=\"article\" \/>\n<meta property=\"og:title\" content=\"Jumamex - Notice of Privacy\" \/>\n<meta property=\"og:url\" content=\"http:\/\/jumamex.com\/en\/notice-of-privacy\/\" \/>\n<meta property=\"og:site_name\" content=\"Jumamex\" \/>\n<meta property=\"article:modified_time\" content=\"2023-02-03T20:40:54+00:00\" \/>\n<meta property=\"og:image\" content=\"http:\/\/jumamex.com\/wp-content\/uploads\/2023\/01\/LOGOTIPO-JUMAMEX.png\" \/>\n\t<meta property=\"og:image:width\" content=\"3543\" \/>\n\t<meta property=\"og:image:height\" content=\"1490\" \/>\n\t<meta property=\"og:image:type\" content=\"image\/png\" \/>\n<meta name=\"twitter:card\" content=\"summary_large_image\" \/>\n<meta name=\"twitter:label1\" content=\"Est. reading time\" \/>\n\t<meta name=\"twitter:data1\" content=\"11 minutes\" \/>\n<script type=\"application\/ld+json\" class=\"yoast-schema-graph\">{\"@context\":\"https:\/\/schema.org\",\"@graph\":[{\"@type\":\"WebPage\",\"@id\":\"http:\/\/jumamex.com\/en\/notice-of-privacy\/\",\"url\":\"http:\/\/jumamex.com\/en\/notice-of-privacy\/\",\"name\":\"Jumamex - Notice of Privacy\",\"isPartOf\":{\"@id\":\"http:\/\/jumamex.com\/en\/#website\"},\"datePublished\":\"2023-01-30T22:43:20+00:00\",\"dateModified\":\"2023-02-03T20:40:54+00:00\",\"breadcrumb\":{\"@id\":\"http:\/\/jumamex.com\/en\/notice-of-privacy\/#breadcrumb\"},\"inLanguage\":\"en-US\",\"potentialAction\":[{\"@type\":\"ReadAction\",\"target\":[\"http:\/\/jumamex.com\/en\/notice-of-privacy\/\"]}]},{\"@type\":\"BreadcrumbList\",\"@id\":\"http:\/\/jumamex.com\/en\/notice-of-privacy\/#breadcrumb\",\"itemListElement\":[{\"@type\":\"ListItem\",\"position\":1,\"name\":\"Inicio\",\"item\":\"http:\/\/jumamex.com\/en\/\"},{\"@type\":\"ListItem\",\"position\":2,\"name\":\"Notice of Privacy\"}]},{\"@type\":\"WebSite\",\"@id\":\"http:\/\/jumamex.com\/en\/#website\",\"url\":\"http:\/\/jumamex.com\/en\/\",\"name\":\"JUMAMEX\",\"description\":\"Somos una compa\u00f1\u00eda innovadora en la industria del entretenimiento, diferenci\u00e1ndonos por brindar un servicio personalizado.\",\"publisher\":{\"@id\":\"http:\/\/jumamex.com\/en\/#organization\"},\"potentialAction\":[{\"@type\":\"SearchAction\",\"target\":{\"@type\":\"EntryPoint\",\"urlTemplate\":\"http:\/\/jumamex.com\/en\/?s={search_term_string}\"},\"query-input\":\"required name=search_term_string\"}],\"inLanguage\":\"en-US\"},{\"@type\":\"Organization\",\"@id\":\"http:\/\/jumamex.com\/en\/#organization\",\"name\":\"JUMAMEX, S.A. DE C.V.\",\"url\":\"http:\/\/jumamex.com\/en\/\",\"logo\":{\"@type\":\"ImageObject\",\"inLanguage\":\"en-US\",\"@id\":\"http:\/\/jumamex.com\/en\/#\/schema\/logo\/image\/\",\"url\":\"http:\/\/jumamex.com\/wp-content\/uploads\/2023\/01\/LOGOTIPO-JUMAMEX.png\",\"contentUrl\":\"http:\/\/jumamex.com\/wp-content\/uploads\/2023\/01\/LOGOTIPO-JUMAMEX.png\",\"width\":3543,\"height\":1490,\"caption\":\"JUMAMEX, S.A. DE C.V.\"},\"image\":{\"@id\":\"http:\/\/jumamex.com\/en\/#\/schema\/logo\/image\/\"}}]}<\/script>\n<!-- \/ Yoast SEO plugin. -->","yoast_head_json":{"title":"Jumamex - Notice of Privacy","robots":{"index":"index","follow":"follow","max-snippet":"max-snippet:-1","max-image-preview":"max-image-preview:large","max-video-preview":"max-video-preview:-1"},"canonical":"http:\/\/jumamex.com\/en\/notice-of-privacy\/","og_locale":"en_US","og_type":"article","og_title":"Jumamex - Notice of Privacy","og_url":"http:\/\/jumamex.com\/en\/notice-of-privacy\/","og_site_name":"Jumamex","article_modified_time":"2023-02-03T20:40:54+00:00","og_image":[{"width":3543,"height":1490,"url":"http:\/\/jumamex.com\/wp-content\/uploads\/2023\/01\/LOGOTIPO-JUMAMEX.png","type":"image\/png"}],"twitter_card":"summary_large_image","twitter_misc":{"Est. reading time":"11 minutes"},"schema":{"@context":"https:\/\/schema.org","@graph":[{"@type":"WebPage","@id":"http:\/\/jumamex.com\/en\/notice-of-privacy\/","url":"http:\/\/jumamex.com\/en\/notice-of-privacy\/","name":"Jumamex - Notice of Privacy","isPartOf":{"@id":"http:\/\/jumamex.com\/en\/#website"},"datePublished":"2023-01-30T22:43:20+00:00","dateModified":"2023-02-03T20:40:54+00:00","breadcrumb":{"@id":"http:\/\/jumamex.com\/en\/notice-of-privacy\/#breadcrumb"},"inLanguage":"en-US","potentialAction":[{"@type":"ReadAction","target":["http:\/\/jumamex.com\/en\/notice-of-privacy\/"]}]},{"@type":"BreadcrumbList","@id":"http:\/\/jumamex.com\/en\/notice-of-privacy\/#breadcrumb","itemListElement":[{"@type":"ListItem","position":1,"name":"Inicio","item":"http:\/\/jumamex.com\/en\/"},{"@type":"ListItem","position":2,"name":"Notice of Privacy"}]},{"@type":"WebSite","@id":"http:\/\/jumamex.com\/en\/#website","url":"http:\/\/jumamex.com\/en\/","name":"JUMAMEX","description":"Somos una compa\u00f1\u00eda innovadora en la industria del entretenimiento, diferenci\u00e1ndonos por brindar un servicio personalizado.","publisher":{"@id":"http:\/\/jumamex.com\/en\/#organization"},"potentialAction":[{"@type":"SearchAction","target":{"@type":"EntryPoint","urlTemplate":"http:\/\/jumamex.com\/en\/?s={search_term_string}"},"query-input":"required name=search_term_string"}],"inLanguage":"en-US"},{"@type":"Organization","@id":"http:\/\/jumamex.com\/en\/#organization","name":"JUMAMEX, S.A. DE C.V.","url":"http:\/\/jumamex.com\/en\/","logo":{"@type":"ImageObject","inLanguage":"en-US","@id":"http:\/\/jumamex.com\/en\/#\/schema\/logo\/image\/","url":"http:\/\/jumamex.com\/wp-content\/uploads\/2023\/01\/LOGOTIPO-JUMAMEX.png","contentUrl":"http:\/\/jumamex.com\/wp-content\/uploads\/2023\/01\/LOGOTIPO-JUMAMEX.png","width":3543,"height":1490,"caption":"JUMAMEX, S.A. DE C.V."},"image":{"@id":"http:\/\/jumamex.com\/en\/#\/schema\/logo\/image\/"}}]}},"_links":{"self":[{"href":"http:\/\/jumamex.com\/en\/wp-json\/wp\/v2\/pages\/1403","targetHints":{"allow":["GET"]}}],"collection":[{"href":"http:\/\/jumamex.com\/en\/wp-json\/wp\/v2\/pages"}],"about":[{"href":"http:\/\/jumamex.com\/en\/wp-json\/wp\/v2\/types\/page"}],"author":[{"embeddable":true,"href":"http:\/\/jumamex.com\/en\/wp-json\/wp\/v2\/users\/1"}],"replies":[{"embeddable":true,"href":"http:\/\/jumamex.com\/en\/wp-json\/wp\/v2\/comments?post=1403"}],"version-history":[{"count":3,"href":"http:\/\/jumamex.com\/en\/wp-json\/wp\/v2\/pages\/1403\/revisions"}],"predecessor-version":[{"id":1406,"href":"http:\/\/jumamex.com\/en\/wp-json\/wp\/v2\/pages\/1403\/revisions\/1406"}],"wp:attachment":[{"href":"http:\/\/jumamex.com\/en\/wp-json\/wp\/v2\/media?parent=1403"}],"curies":[{"name":"wp","href":"https:\/\/api.w.org\/{rel}","templated":true}]}}